{"id":1018,"date":"2021-08-26T08:21:44","date_gmt":"2021-08-26T08:21:44","guid":{"rendered":"https:\/\/www.sportex.de\/morskie-wedki-pstragowe\/"},"modified":"2023-11-30T14:17:03","modified_gmt":"2023-11-30T14:17:03","slug":"morskie-wedki-pstragowe","status":"publish","type":"page","link":"https:\/\/www.sportex.de\/pl\/morskie-wedki-pstragowe\/","title":{"rendered":"Morskie\/W\u0119dki pstr\u0105g\u00f3we"},"content":{"rendered":"","protected":false},"excerpt":{"rendered":"","protected":false},"author":3,"featured_media":0,"parent":0,"menu_order":0,"comment_status":"closed","ping_status":"closed","template":"","meta":{"inline_featured_image":false,"footnotes":""},"class_list":["post-1018","page","type-page","status-publish","hentry"],"_links":{"self":[{"href":"https:\/\/www.sportex.de\/pl\/wp-json\/wp\/v2\/pages\/1018","targetHints":{"allow":["GET"]}}],"collection":[{"href":"https:\/\/www.sportex.de\/pl\/wp-json\/wp\/v2\/pages"}],"about":[{"href":"https:\/\/www.sportex.de\/pl\/wp-json\/wp\/v2\/types\/page"}],"author":[{"embeddable":true,"href":"https:\/\/www.sportex.de\/pl\/wp-json\/wp\/v2\/users\/3"}],"replies":[{"embeddable":true,"href":"https:\/\/www.sportex.de\/pl\/wp-json\/wp\/v2\/comments?post=1018"}],"version-history":[{"count":1,"href":"https:\/\/www.sportex.de\/pl\/wp-json\/wp\/v2\/pages\/1018\/revisions"}],"predecessor-version":[{"id":1703,"href":"https:\/\/www.sportex.de\/pl\/wp-json\/wp\/v2\/pages\/1018\/revisions\/1703"}],"wp:attachment":[{"href":"https:\/\/www.sportex.de\/pl\/wp-json\/wp\/v2\/media?parent=1018"}],"curies":[{"name":"wp","href":"https:\/\/api.w.org\/{rel}","templated":true}]}}